{"id":9,"date":"2019-08-07T10:56:42","date_gmt":"2019-08-07T10:56:42","guid":{"rendered":"https:\/\/pkterminal.ee\/?page_id=9"},"modified":"2025-10-06T09:17:46","modified_gmt":"2025-10-06T09:17:46","slug":"terminali-areng","status":"publish","type":"page","link":"https:\/\/pkterminal.ee\/et\/terminali-areng\/","title":{"rendered":"Terminali areng 2019-2023"},"content":{"rendered":"\n<p>PK Terminal on v\u00f5tnud Muuga sadamas kasutusele modernsed laadimismasinad, ehitanud uued kinnised laod kaupade ladustamiseks ning loonud klientidele logistikatarkvara paremaks kaupade logistika korraldamiseks. Jooksvalt hoiame ennast kursis t\u00e4nap\u00e4evaste v\u00f5imalustega kaupade k\u00e4itlemisel ja ladustamisel, t\u00e4iendame meeskonnana teadmisi ning uuendame tehnikat, et pakkuda klientidele parimat teenust. <\/p>\n","protected":false},"excerpt":{"rendered":"<p>PK Terminal on v\u00f5tnud Muuga sadamas kasutusele modernsed laadimismasinad, ehitanud uued kinnised laod kaupade ladustamiseks ning loonud klientidele logistikatarkvara paremaks kaupade logistika korraldamiseks. Jooksvalt hoiame ennast kursis t\u00e4nap\u00e4evaste v\u00f5imalustega kaupade k\u00e4itlemisel ja ladustamisel, t\u00e4iendame meeskonnana teadmisi ning uuendame tehnikat, et pakkuda klientidele parimat teenust.<\/p>\n","protected":false},"author":1,"featured_media":0,"parent":0,"menu_order":8,"comment_status":"closed","ping_status":"closed","template":"","meta":{"_acf_changed":false,"ngg_post_thumbnail":0,"footnotes":""},"categories":[],"class_list":["post-9","page","type-page","status-publish","hentry"],"acf":[],"yoast_head":"<!-- This site is optimized with the Yoast SEO plugin v26.4 - https:\/\/yoast.com\/wordpress\/plugins\/seo\/ -->\n<title>Terminali areng 2019-2023 - PK Terminal<\/title>\n<meta name=\"description\" content=\"PK Terminal kuulub Palgardi Kraana Gruppi, millel on Baltikumis 25 aastane ja Rootsis enam kui 50 aastane kogemus erinevate kaupade k\u00e4itlemisel nii sadamates kui ka terminalides.\" \/>\n<meta name=\"robots\" content=\"index, follow, max-snippet:-1, max-image-preview:large, max-video-preview:-1\" \/>\n<link rel=\"canonical\" href=\"https:\/\/pkterminal.ee\/et\/terminali-areng\/\" \/>\n<meta property=\"og:locale\" content=\"et_EE\" \/>\n<meta property=\"og:type\" content=\"article\" \/>\n<meta property=\"og:title\" content=\"Terminali areng 2019-2023 - PK Terminal\" \/>\n<meta property=\"og:description\" content=\"PK Terminal kuulub Palgardi Kraana Gruppi, millel on Baltikumis 25 aastane ja Rootsis enam kui 50 aastane kogemus erinevate kaupade k\u00e4itlemisel nii sadamates kui ka terminalides.\" \/>\n<meta property=\"og:url\" content=\"https:\/\/pkterminal.ee\/et\/terminali-areng\/\" \/>\n<meta property=\"og:site_name\" content=\"PK Terminal\" \/>\n<meta property=\"article:modified_time\" content=\"2025-10-06T09:17:46+00:00\" \/>\n<meta name=\"twitter:card\" content=\"summary_large_image\" \/>\n<script type=\"application\/ld+json\" class=\"yoast-schema-graph\">{\"@context\":\"https:\/\/schema.org\",\"@graph\":[{\"@type\":\"WebPage\",\"@id\":\"https:\/\/pkterminal.ee\/et\/terminali-areng\/\",\"url\":\"https:\/\/pkterminal.ee\/et\/terminali-areng\/\",\"name\":\"Terminali areng 2019-2023 - PK Terminal\",\"isPartOf\":{\"@id\":\"https:\/\/pkterminal.ee\/et\/#website\"},\"datePublished\":\"2019-08-07T10:56:42+00:00\",\"dateModified\":\"2025-10-06T09:17:46+00:00\",\"description\":\"PK Terminal kuulub Palgardi Kraana Gruppi, millel on Baltikumis 25 aastane ja Rootsis enam kui 50 aastane kogemus erinevate kaupade k\u00e4itlemisel nii sadamates kui ka terminalides.\",\"breadcrumb\":{\"@id\":\"https:\/\/pkterminal.ee\/et\/terminali-areng\/#breadcrumb\"},\"inLanguage\":\"et\",\"potentialAction\":[{\"@type\":\"ReadAction\",\"target\":[\"https:\/\/pkterminal.ee\/et\/terminali-areng\/\"]}]},{\"@type\":\"BreadcrumbList\",\"@id\":\"https:\/\/pkterminal.ee\/et\/terminali-areng\/#breadcrumb\",\"itemListElement\":[{\"@type\":\"ListItem\",\"position\":1,\"name\":\"Home\",\"item\":\"https:\/\/pkterminal.ee\/et\/\"},{\"@type\":\"ListItem\",\"position\":2,\"name\":\"Terminali areng 2019-2023\"}]},{\"@type\":\"WebSite\",\"@id\":\"https:\/\/pkterminal.ee\/et\/#website\",\"url\":\"https:\/\/pkterminal.ee\/et\/\",\"name\":\"PK Terminal\",\"description\":\"PK Terminal kuulub Palgardi Kraana Gruppi, millel on Baltikumis 25 aastane ja Rootsis enam kui 50 aastane kogemus erinevate kaupade k\u00e4itlemisel nii sadamates kui ka terminalides.\",\"publisher\":{\"@id\":\"https:\/\/pkterminal.ee\/et\/#organization\"},\"potentialAction\":[{\"@type\":\"SearchAction\",\"target\":{\"@type\":\"EntryPoint\",\"urlTemplate\":\"https:\/\/pkterminal.ee\/et\/?s={search_term_string}\"},\"query-input\":{\"@type\":\"PropertyValueSpecification\",\"valueRequired\":true,\"valueName\":\"search_term_string\"}}],\"inLanguage\":\"et\"},{\"@type\":\"Organization\",\"@id\":\"https:\/\/pkterminal.ee\/et\/#organization\",\"name\":\"PK Terminal\",\"url\":\"https:\/\/pkterminal.ee\/et\/\",\"logo\":{\"@type\":\"ImageObject\",\"inLanguage\":\"et\",\"@id\":\"https:\/\/pkterminal.ee\/et\/#\/schema\/logo\/image\/\",\"url\":\"https:\/\/pkterminal.ee\/wp-content\/uploads\/2024\/06\/pkt-logo.png\",\"contentUrl\":\"https:\/\/pkterminal.ee\/wp-content\/uploads\/2024\/06\/pkt-logo.png\",\"width\":297,\"height\":125,\"caption\":\"PK Terminal\"},\"image\":{\"@id\":\"https:\/\/pkterminal.ee\/et\/#\/schema\/logo\/image\/\"}}]}<\/script>\n<!-- \/ Yoast SEO plugin. -->","yoast_head_json":{"title":"Terminali areng 2019-2023 - PK Terminal","description":"PK Terminal kuulub Palgardi Kraana Gruppi, millel on Baltikumis 25 aastane ja Rootsis enam kui 50 aastane kogemus erinevate kaupade k\u00e4itlemisel nii sadamates kui ka terminalides.","robots":{"index":"index","follow":"follow","max-snippet":"max-snippet:-1","max-image-preview":"max-image-preview:large","max-video-preview":"max-video-preview:-1"},"canonical":"https:\/\/pkterminal.ee\/et\/terminali-areng\/","og_locale":"et_EE","og_type":"article","og_title":"Terminali areng 2019-2023 - PK Terminal","og_description":"PK Terminal kuulub Palgardi Kraana Gruppi, millel on Baltikumis 25 aastane ja Rootsis enam kui 50 aastane kogemus erinevate kaupade k\u00e4itlemisel nii sadamates kui ka terminalides.","og_url":"https:\/\/pkterminal.ee\/et\/terminali-areng\/","og_site_name":"PK Terminal","article_modified_time":"2025-10-06T09:17:46+00:00","twitter_card":"summary_large_image","schema":{"@context":"https:\/\/schema.org","@graph":[{"@type":"WebPage","@id":"https:\/\/pkterminal.ee\/et\/terminali-areng\/","url":"https:\/\/pkterminal.ee\/et\/terminali-areng\/","name":"Terminali areng 2019-2023 - PK Terminal","isPartOf":{"@id":"https:\/\/pkterminal.ee\/et\/#website"},"datePublished":"2019-08-07T10:56:42+00:00","dateModified":"2025-10-06T09:17:46+00:00","description":"PK Terminal kuulub Palgardi Kraana Gruppi, millel on Baltikumis 25 aastane ja Rootsis enam kui 50 aastane kogemus erinevate kaupade k\u00e4itlemisel nii sadamates kui ka terminalides.","breadcrumb":{"@id":"https:\/\/pkterminal.ee\/et\/terminali-areng\/#breadcrumb"},"inLanguage":"et","potentialAction":[{"@type":"ReadAction","target":["https:\/\/pkterminal.ee\/et\/terminali-areng\/"]}]},{"@type":"BreadcrumbList","@id":"https:\/\/pkterminal.ee\/et\/terminali-areng\/#breadcrumb","itemListElement":[{"@type":"ListItem","position":1,"name":"Home","item":"https:\/\/pkterminal.ee\/et\/"},{"@type":"ListItem","position":2,"name":"Terminali areng 2019-2023"}]},{"@type":"WebSite","@id":"https:\/\/pkterminal.ee\/et\/#website","url":"https:\/\/pkterminal.ee\/et\/","name":"PK Terminal","description":"PK Terminal kuulub Palgardi Kraana Gruppi, millel on Baltikumis 25 aastane ja Rootsis enam kui 50 aastane kogemus erinevate kaupade k\u00e4itlemisel nii sadamates kui ka terminalides.","publisher":{"@id":"https:\/\/pkterminal.ee\/et\/#organization"},"potentialAction":[{"@type":"SearchAction","target":{"@type":"EntryPoint","urlTemplate":"https:\/\/pkterminal.ee\/et\/?s={search_term_string}"},"query-input":{"@type":"PropertyValueSpecification","valueRequired":true,"valueName":"search_term_string"}}],"inLanguage":"et"},{"@type":"Organization","@id":"https:\/\/pkterminal.ee\/et\/#organization","name":"PK Terminal","url":"https:\/\/pkterminal.ee\/et\/","logo":{"@type":"ImageObject","inLanguage":"et","@id":"https:\/\/pkterminal.ee\/et\/#\/schema\/logo\/image\/","url":"https:\/\/pkterminal.ee\/wp-content\/uploads\/2024\/06\/pkt-logo.png","contentUrl":"https:\/\/pkterminal.ee\/wp-content\/uploads\/2024\/06\/pkt-logo.png","width":297,"height":125,"caption":"PK Terminal"},"image":{"@id":"https:\/\/pkterminal.ee\/et\/#\/schema\/logo\/image\/"}}]}},"_links":{"self":[{"href":"https:\/\/pkterminal.ee\/et\/wp-json\/wp\/v2\/pages\/9","targetHints":{"allow":["GET"]}}],"collection":[{"href":"https:\/\/pkterminal.ee\/et\/wp-json\/wp\/v2\/pages"}],"about":[{"href":"https:\/\/pkterminal.ee\/et\/wp-json\/wp\/v2\/types\/page"}],"author":[{"embeddable":true,"href":"https:\/\/pkterminal.ee\/et\/wp-json\/wp\/v2\/users\/1"}],"replies":[{"embeddable":true,"href":"https:\/\/pkterminal.ee\/et\/wp-json\/wp\/v2\/comments?post=9"}],"version-history":[{"count":51,"href":"https:\/\/pkterminal.ee\/et\/wp-json\/wp\/v2\/pages\/9\/revisions"}],"predecessor-version":[{"id":1052,"href":"https:\/\/pkterminal.ee\/et\/wp-json\/wp\/v2\/pages\/9\/revisions\/1052"}],"wp:attachment":[{"href":"https:\/\/pkterminal.ee\/et\/wp-json\/wp\/v2\/media?parent=9"}],"wp:term":[{"taxonomy":"category","embeddable":true,"href":"https:\/\/pkterminal.ee\/et\/wp-json\/wp\/v2\/categories?post=9"}],"curies":[{"name":"wp","href":"https:\/\/api.w.org\/{rel}","templated":true}]}}